{"id":8,"date":"2025-08-26T10:30:22","date_gmt":"2025-08-26T10:30:22","guid":{"rendered":"https:\/\/wp.als081001te.hemsida.eu\/?page_id=8"},"modified":"2025-09-09T10:35:45","modified_gmt":"2025-09-09T10:35:45","slug":"home","status":"publish","type":"page","link":"https:\/\/wp.als081001te.hemsida.eu\/","title":{"rendered":"Home"},"content":{"rendered":"\n<p class=\"has-text-align-center\">Hej!<\/p>\n\n\n\n<blockquote class=\"wp-block-quote is-layout-flow wp-block-quote-is-layout-flow\">\n<p>Denna hemsidan \u00e4r en test hemsida f\u00f6r mig som ska l\u00e4ra mig mer om hur wordpress fungerar.<\/p>\n<\/blockquote>\n\n\n\n<div class=\"wp-block-columns is-layout-flex wp-container-core-columns-is-layout-28f84493 wp-block-columns-is-layout-flex\">\n<div class=\"wp-block-column is-layout-flow wp-block-column-is-layout-flow\">\n<figure class=\"wp-block-image size-full\"><img loading=\"lazy\" decoding=\"async\" width=\"694\" height=\"600\" src=\"https:\/\/wp.als081001te.hemsida.eu\/wp-content\/uploads\/2025\/09\/webb_skog_prm_1920x1280.webp\" alt=\"\" class=\"wp-image-91\" srcset=\"https:\/\/wp.als081001te.hemsida.eu\/wp-content\/uploads\/2025\/09\/webb_skog_prm_1920x1280.webp 694w, https:\/\/wp.als081001te.hemsida.eu\/wp-content\/uploads\/2025\/09\/webb_skog_prm_1920x1280-300x259.webp 300w\" sizes=\"auto, (max-width: 694px) 100vw, 694px\" \/><\/figure>\n<\/div>\n\n\n\n<div class=\"wp-block-column is-layout-flow wp-block-column-is-layout-flow\">\n<figure class=\"wp-block-image size-full\"><img loading=\"lazy\" decoding=\"async\" width=\"450\" height=\"450\" src=\"https:\/\/wp.als081001te.hemsida.eu\/wp-content\/uploads\/2025\/09\/1080_sjohav_kajak-450x450-1.jpg\" alt=\"\" class=\"wp-image-92\" srcset=\"https:\/\/wp.als081001te.hemsida.eu\/wp-content\/uploads\/2025\/09\/1080_sjohav_kajak-450x450-1.jpg 450w, https:\/\/wp.als081001te.hemsida.eu\/wp-content\/uploads\/2025\/09\/1080_sjohav_kajak-450x450-1-300x300.jpg 300w, https:\/\/wp.als081001te.hemsida.eu\/wp-content\/uploads\/2025\/09\/1080_sjohav_kajak-450x450-1-150x150.jpg 150w\" sizes=\"auto, (max-width: 450px) 100vw, 450px\" \/><\/figure>\n<\/div>\n\n\n\n<div class=\"wp-block-column is-layout-flow wp-block-column-is-layout-flow\">\n<figure class=\"wp-block-image size-large\"><img loading=\"lazy\" decoding=\"async\" width=\"1024\" height=\"1024\" src=\"https:\/\/wp.als081001te.hemsida.eu\/wp-content\/uploads\/2025\/09\/El08_eldstal_Stabilotherm_4-1024x1024.jpg\" alt=\"\" class=\"wp-image-93\" srcset=\"https:\/\/wp.als081001te.hemsida.eu\/wp-content\/uploads\/2025\/09\/El08_eldstal_Stabilotherm_4-1024x1024.jpg 1024w, https:\/\/wp.als081001te.hemsida.eu\/wp-content\/uploads\/2025\/09\/El08_eldstal_Stabilotherm_4-300x300.jpg 300w, https:\/\/wp.als081001te.hemsida.eu\/wp-content\/uploads\/2025\/09\/El08_eldstal_Stabilotherm_4-150x150.jpg 150w, https:\/\/wp.als081001te.hemsida.eu\/wp-content\/uploads\/2025\/09\/El08_eldstal_Stabilotherm_4-768x768.jpg 768w, https:\/\/wp.als081001te.hemsida.eu\/wp-content\/uploads\/2025\/09\/El08_eldstal_Stabilotherm_4-1536x1536.jpg 1536w, https:\/\/wp.als081001te.hemsida.eu\/wp-content\/uploads\/2025\/09\/El08_eldstal_Stabilotherm_4.jpg 1800w\" sizes=\"auto, (max-width: 1024px) 100vw, 1024px\" \/><\/figure>\n<\/div>\n<\/div>\n\n\n\n<div class=\"wp-block-buttons is-content-justification-center is-layout-flex wp-container-core-buttons-is-layout-a89b3969 wp-block-buttons-is-layout-flex\">\n<div class=\"wp-block-button\"><a class=\"wp-block-button__link has-text-align-center wp-element-button\" href=\"https:\/\/www.youtube.com\/watch?v=U43qkELBp3c\">Tryck h\u00e4r f\u00f6r en \u00f6veraskning!<\/a><\/div>\n<\/div>\n\n\n\n<div class=\"wp-block-comments\"><h2 id=\"comments\" class=\"wp-block-comments-title\">One response to &#8220;Home&#8221;<\/h2>\n\n<ol class=\"wp-block-comment-template\"><li id=\"comment-2\" class=\"comment byuser comment-author-admin_wdsmf0f7 bypostauthor even thread-even depth-1\">\n\n<div class=\"wp-block-columns is-layout-flex wp-container-core-columns-is-layout-28f84493 wp-block-columns-is-layout-flex\">\n<div class=\"wp-block-column is-layout-flow wp-block-column-is-layout-flow\" style=\"flex-basis:40px\"><div class=\"wp-block-avatar\"><img alt='admin Avatar' src='https:\/\/secure.gravatar.com\/avatar\/0d8168f4c2c5bbd16d6a5839c7fefa6ca6b78886d4556c4309bd52c85957a9cd?s=40&#038;d=mm&#038;r=g' srcset='https:\/\/secure.gravatar.com\/avatar\/0d8168f4c2c5bbd16d6a5839c7fefa6ca6b78886d4556c4309bd52c85957a9cd?s=80&#038;d=mm&#038;r=g 2x' class='avatar avatar-40 photo wp-block-avatar__image' height='40' width='40'  style=\"border-radius:20px;\"\/><\/div><\/div>\n\n\n\n<div class=\"wp-block-column is-layout-flow wp-block-column-is-layout-flow\"><div class=\"wp-block-comment-author-name has-small-font-size\"><a rel=\"external nofollow ugc\" href=\"https:\/\/wp.als081001te.hemsida.eu\" target=\"_self\" >admin<\/a><\/div>\n\n\n<div class=\"wp-block-group is-layout-flex wp-block-group-is-layout-flex\" style=\"margin-top:0px;margin-bottom:0px\"><div class=\"wp-block-comment-date has-small-font-size\"><time datetime=\"2025-09-09T10:02:48+00:00\"><a href=\"https:\/\/wp.als081001te.hemsida.eu\/#comment-2\">September 9, 2025<\/a><\/time><\/div>\n\n<\/div>\n\n\n<div class=\"wp-block-comment-content\"><p>Hej!<\/p>\n<\/div>\n\n<div class=\"wp-block-comment-reply-link has-small-font-size\"><a rel=\"nofollow\" class=\"comment-reply-link\" href=\"https:\/\/wp.als081001te.hemsida.eu\/?replytocom=2#respond\" data-commentid=\"2\" data-postid=\"8\" data-belowelement=\"comment-2\" data-respondelement=\"respond\" data-replyto=\"Reply to admin\" aria-label=\"Reply to admin\">Reply<\/a><\/div><\/div>\n<\/div>\n\n<\/li><\/ol>\n\n\n\n\t<div id=\"respond\" class=\"comment-respond wp-block-post-comments-form\">\n\t\t<h3 id=\"reply-title\" class=\"comment-reply-title\">Leave a Reply <small><a rel=\"nofollow\" id=\"cancel-comment-reply-link\" href=\"\/index.php\/wp-json\/wp\/v2\/pages\/8#respond\" style=\"display:none;\">Cancel reply<\/a><\/small><\/h3><form action=\"https:\/\/wp.als081001te.hemsida.eu\/wp-comments-post.php\" method=\"post\" id=\"commentform\" class=\"comment-form\"><p class=\"comment-notes\"><span id=\"email-notes\">Your email address will not be published.<\/span> <span class=\"required-field-message\">Required fields are marked <span class=\"required\">*<\/span><\/span><\/p><p class=\"comment-form-comment\"><label for=\"comment\">Comment <span class=\"required\">*<\/span><\/label> <textarea id=\"comment\" name=\"comment\" cols=\"45\" rows=\"8\" maxlength=\"65525\" required><\/textarea><\/p><p class=\"comment-form-author\"><label for=\"author\">Name <span class=\"required\">*<\/span><\/label> <input id=\"author\" name=\"author\" type=\"text\" value=\"\" size=\"30\" maxlength=\"245\" autocomplete=\"name\" required \/><\/p>\n<p class=\"comment-form-email\"><label for=\"email\">Email <span class=\"required\">*<\/span><\/label> <input id=\"email\" name=\"email\" type=\"email\" value=\"\" size=\"30\" maxlength=\"100\" aria-describedby=\"email-notes\" autocomplete=\"email\" required \/><\/p>\n<p class=\"comment-form-url\"><label for=\"url\">Website<\/label> <input id=\"url\" name=\"url\" type=\"url\" value=\"\" size=\"30\" maxlength=\"200\" autocomplete=\"url\" \/><\/p>\n<p class=\"comment-form-cookies-consent\"><input id=\"wp-comment-cookies-consent\" name=\"wp-comment-cookies-consent\" type=\"checkbox\" value=\"yes\" \/> <label for=\"wp-comment-cookies-consent\">Save my name, email, and website in this browser for the next time I comment.<\/label><\/p>\n<p class=\"form-submit wp-block-button\"><input name=\"submit\" type=\"submit\" id=\"submit\" class=\"wp-block-button__link wp-element-button\" value=\"Post Comment\" \/> <input type='hidden' name='comment_post_ID' value='8' id='comment_post_ID' \/>\n<input type='hidden' name='comment_parent' id='comment_parent' value='0' \/>\n<\/p><p style=\"display: none;\"><input type=\"hidden\" id=\"akismet_comment_nonce\" name=\"akismet_comment_nonce\" value=\"13d6b72f4d\" \/><\/p><p style=\"display: none !important;\" class=\"akismet-fields-container\" data-prefix=\"ak_\"><label>&#916;<textarea name=\"ak_hp_textarea\" cols=\"45\" rows=\"8\" maxlength=\"100\"><\/textarea><\/label><input type=\"hidden\" id=\"ak_js_1\" name=\"ak_js\" value=\"8\"\/><script>document.getElementById( \"ak_js_1\" ).setAttribute( \"value\", ( new Date() ).getTime() );<\/script><\/p><\/form>\t<\/div><!-- #respond -->\n\t<\/div>\n\n\n<ol class=\"has-avatars has-dates has-excerpts aligncenter wp-block-latest-comments\"><li class=\"wp-block-latest-comments__comment\"><img alt='' src='https:\/\/secure.gravatar.com\/avatar\/0d8168f4c2c5bbd16d6a5839c7fefa6ca6b78886d4556c4309bd52c85957a9cd?s=48&#038;d=mm&#038;r=g' srcset='https:\/\/secure.gravatar.com\/avatar\/0d8168f4c2c5bbd16d6a5839c7fefa6ca6b78886d4556c4309bd52c85957a9cd?s=96&#038;d=mm&#038;r=g 2x' class='avatar avatar-48 photo wp-block-latest-comments__comment-avatar' height='48' width='48' \/><article><footer class=\"wp-block-latest-comments__comment-meta\"><a class=\"wp-block-latest-comments__comment-author\" href=\"https:\/\/wp.als081001te.hemsida.eu\">admin<\/a> on <a class=\"wp-block-latest-comments__comment-link\" href=\"https:\/\/wp.als081001te.hemsida.eu\/#comment-2\">Home<\/a><time datetime=\"2025-09-09T10:02:48+00:00\" class=\"wp-block-latest-comments__comment-date\">September 9, 2025<\/time><\/footer><div class=\"wp-block-latest-comments__comment-excerpt\"><p>Hej!<\/p>\n<\/div><\/article><\/li><li class=\"wp-block-latest-comments__comment\"><img alt='' src='https:\/\/secure.gravatar.com\/avatar\/8e1606e6fba450a9362af43874c1b2dfad34c782e33d0a51e1b46c18a2a567dd?s=48&#038;d=mm&#038;r=g' srcset='https:\/\/secure.gravatar.com\/avatar\/8e1606e6fba450a9362af43874c1b2dfad34c782e33d0a51e1b46c18a2a567dd?s=96&#038;d=mm&#038;r=g 2x' class='avatar avatar-48 photo wp-block-latest-comments__comment-avatar' height='48' width='48' \/><article><footer class=\"wp-block-latest-comments__comment-meta\"><a class=\"wp-block-latest-comments__comment-author\" href=\"https:\/\/wordpress.org\/\">A WordPress Commenter<\/a> on <a class=\"wp-block-latest-comments__comment-link\" href=\"https:\/\/wp.als081001te.hemsida.eu\/index.php\/2025\/08\/26\/hello-world\/#comment-1\">Hello world!<\/a><time datetime=\"2025-08-26T09:59:10+00:00\" class=\"wp-block-latest-comments__comment-date\">August 26, 2025<\/time><\/footer><div class=\"wp-block-latest-comments__comment-excerpt\"><p>Hi, this is a comment. To get started with moderating, editing, and deleting comments, please visit the Comments screen in&hellip;<\/p>\n<\/div><\/article><\/li><\/ol>","protected":false},"excerpt":{"rendered":"<p>Hej! Denna hemsidan \u00e4r en test hemsida f\u00f6r mig som ska l\u00e4ra mig mer om hur wordpress fungerar.<\/p>\n","protected":false},"author":1,"featured_media":0,"parent":0,"menu_order":0,"comment_status":"open","ping_status":"closed","template":"","meta":{"footnotes":""},"class_list":["post-8","page","type-page","status-publish","hentry"],"_links":{"self":[{"href":"https:\/\/wp.als081001te.hemsida.eu\/index.php\/wp-json\/wp\/v2\/pages\/8","targetHints":{"allow":["GET"]}}],"collection":[{"href":"https:\/\/wp.als081001te.hemsida.eu\/index.php\/wp-json\/wp\/v2\/pages"}],"about":[{"href":"https:\/\/wp.als081001te.hemsida.eu\/index.php\/wp-json\/wp\/v2\/types\/page"}],"author":[{"embeddable":true,"href":"https:\/\/wp.als081001te.hemsida.eu\/index.php\/wp-json\/wp\/v2\/users\/1"}],"replies":[{"embeddable":true,"href":"https:\/\/wp.als081001te.hemsida.eu\/index.php\/wp-json\/wp\/v2\/comments?post=8"}],"version-history":[{"count":12,"href":"https:\/\/wp.als081001te.hemsida.eu\/index.php\/wp-json\/wp\/v2\/pages\/8\/revisions"}],"predecessor-version":[{"id":117,"href":"https:\/\/wp.als081001te.hemsida.eu\/index.php\/wp-json\/wp\/v2\/pages\/8\/revisions\/117"}],"wp:attachment":[{"href":"https:\/\/wp.als081001te.hemsida.eu\/index.php\/wp-json\/wp\/v2\/media?parent=8"}],"curies":[{"name":"wp","href":"https:\/\/api.w.org\/{rel}","templated":true}]}}