{"id":14,"date":"2025-08-26T10:33:21","date_gmt":"2025-08-26T10:33:21","guid":{"rendered":"https:\/\/wp.als081001te.hemsida.eu\/?page_id=14"},"modified":"2025-09-09T10:20:02","modified_gmt":"2025-09-09T10:20:02","slug":"about","status":"publish","type":"page","link":"https:\/\/wp.als081001te.hemsida.eu\/index.php\/about\/","title":{"rendered":"About"},"content":{"rendered":"\n<hr class=\"wp-block-separator has-alpha-channel-opacity\"\/>\n\n\n\n<hr class=\"wp-block-separator has-alpha-channel-opacity\"\/>\n\n\n\n<p>Hej mitt namn \u00e4r Tuva och \u00e4r 16 \u00e5r just nu g\u00e5r jag p\u00e5 gymnasiet och l\u00e4ser kursen webbutveckling. <\/p>\n\n\n\n<hr class=\"wp-block-separator has-alpha-channel-opacity\"\/>\n\n\n\n<div class=\"wp-block-columns is-layout-flex wp-container-core-columns-is-layout-28f84493 wp-block-columns-is-layout-flex\">\n<div class=\"wp-block-column is-layout-flow wp-block-column-is-layout-flow\">\n<figure class=\"wp-block-image size-full\"><img loading=\"lazy\" decoding=\"async\" width=\"500\" height=\"294\" src=\"https:\/\/wp.als081001te.hemsida.eu\/wp-content\/uploads\/2025\/09\/webbhotell-wordpress-500x294-1-1.png\" alt=\"\" class=\"wp-image-110\" srcset=\"https:\/\/wp.als081001te.hemsida.eu\/wp-content\/uploads\/2025\/09\/webbhotell-wordpress-500x294-1-1.png 500w, https:\/\/wp.als081001te.hemsida.eu\/wp-content\/uploads\/2025\/09\/webbhotell-wordpress-500x294-1-1-300x176.png 300w\" sizes=\"auto, (max-width: 500px) 100vw, 500px\" \/><\/figure>\n<\/div>\n\n\n\n<div class=\"wp-block-column is-layout-flow wp-block-column-is-layout-flow\">\n<p>Denna WordPress \u00e4r allts\u00e5 gjord f\u00f6r att testa olika uppgifter och f\u00f6r mig  att f\u00e5 reda mer om hur wordpress fungerar. S\u00e5 f\u00f6r tillf\u00e4llet s\u00e5 \u00e4r denna endast anv\u00e4nd som en test produkt f\u00f6r att l\u00e4ra mig anv\u00e4nda wordpress p\u00e5 ett bra och enkelt s\u00e4tt.<\/p>\n<\/div>\n<\/div>\n\n\n\n<div class=\"wp-block-comments\"><\/div>\n\n\n\n<div class=\"wp-block-columns is-layout-flex wp-container-core-columns-is-layout-28f84493 wp-block-columns-is-layout-flex\">\n<div class=\"wp-block-column is-layout-flow wp-block-column-is-layout-flow\">\n<hr class=\"wp-block-separator has-alpha-channel-opacity\"\/>\n<\/div>\n<\/div>\n\n\n\n<div class=\"wp-block-buttons is-content-justification-center is-layout-flex wp-container-core-buttons-is-layout-a89b3969 wp-block-buttons-is-layout-flex\">\n<div class=\"wp-block-button\"><a class=\"wp-block-button__link wp-element-button\" href=\"https:\/\/wp.als081001te.hemsida.eu\/index.php\/contacts\/\">contacts<\/a><\/div>\n<\/div>\n\n\n\n<hr class=\"wp-block-separator has-alpha-channel-opacity\"\/>\n\n\n\n<p><\/p>\n","protected":false},"excerpt":{"rendered":"<p>Hej mitt namn \u00e4r Tuva och \u00e4r 16 \u00e5r just nu g\u00e5r jag p\u00e5 gymnasiet och l\u00e4ser kursen webbutveckling. Denna WordPress \u00e4r allts\u00e5 gjord f\u00f6r att testa olika uppgifter och f\u00f6r mig att f\u00e5 reda mer om hur wordpress fungerar. S\u00e5 f\u00f6r tillf\u00e4llet s\u00e5 \u00e4r denna endast anv\u00e4nd som en test produkt f\u00f6r att l\u00e4ra [&hellip;]<\/p>\n","protected":false},"author":1,"featured_media":0,"parent":0,"menu_order":0,"comment_status":"open","ping_status":"closed","template":"","meta":{"footnotes":""},"class_list":["post-14","page","type-page","status-publish","hentry"],"_links":{"self":[{"href":"https:\/\/wp.als081001te.hemsida.eu\/index.php\/wp-json\/wp\/v2\/pages\/14","targetHints":{"allow":["GET"]}}],"collection":[{"href":"https:\/\/wp.als081001te.hemsida.eu\/index.php\/wp-json\/wp\/v2\/pages"}],"about":[{"href":"https:\/\/wp.als081001te.hemsida.eu\/index.php\/wp-json\/wp\/v2\/types\/page"}],"author":[{"embeddable":true,"href":"https:\/\/wp.als081001te.hemsida.eu\/index.php\/wp-json\/wp\/v2\/users\/1"}],"replies":[{"embeddable":true,"href":"https:\/\/wp.als081001te.hemsida.eu\/index.php\/wp-json\/wp\/v2\/comments?post=14"}],"version-history":[{"count":7,"href":"https:\/\/wp.als081001te.hemsida.eu\/index.php\/wp-json\/wp\/v2\/pages\/14\/revisions"}],"predecessor-version":[{"id":111,"href":"https:\/\/wp.als081001te.hemsida.eu\/index.php\/wp-json\/wp\/v2\/pages\/14\/revisions\/111"}],"wp:attachment":[{"href":"https:\/\/wp.als081001te.hemsida.eu\/index.php\/wp-json\/wp\/v2\/media?parent=14"}],"curies":[{"name":"wp","href":"https:\/\/api.w.org\/{rel}","templated":true}]}}